{"id":1514,"date":"2023-05-29T15:14:13","date_gmt":"2023-05-29T15:14:13","guid":{"rendered":"https:\/\/sunforceproducts.ca\/accueil\/"},"modified":"2023-08-17T18:17:55","modified_gmt":"2023-08-17T18:17:55","slug":"accueil","status":"publish","type":"page","link":"https:\/\/sunforceproducts.com\/fr\/","title":{"rendered":"Produits d&#8217;\u00e9nergie renouvelable | \u00c9olien &amp; Solaire | Sunforce"},"content":{"rendered":"\t\t<div data-elementor-type=\"wp-page\" data-elementor-id=\"1514\" class=\"elementor elementor-1514 elementor-48\" data-elementor-post-type=\"page\">\n\t\t\t\t\t\t<section class=\"elementor-section elementor-top-section elementor-element elementor-element-5a53669d elementor-section-full_width elementor-section-height-min-height elementor-section-content-middle elementor-section-height-default elementor-section-items-middle\" data-id=\"5a53669d\" data-element_type=\"section\" data-settings=\"{&quot;background_background&quot;:&quot;video&quot;,&quot;background_play_on_mobile&quot;:&quot;yes&quot;,&quot;background_video_link&quot;:&quot;https:\\\/\\\/sunforceproducts.ca\\\/wp-content\\\/uploads\\\/2023\\\/06\\\/sunforce_products.mp4&quot;}\">\n\t\t\t\t\t\t\t\t<div class=\"elementor-background-video-container\">\n\t\t\t\t\t\t\t\t\t\t\t\t\t<video class=\"elementor-background-video-hosted\" autoplay muted playsinline loop><\/video>\n\t\t\t\t\t\t\t\t\t\t\t<\/div>\n\t\t\t\t\t\t\t\t<div class=\"elementor-container elementor-column-gap-no\">\n\t\t\t\t\t<div class=\"elementor-column elementor-col-100 elementor-top-column elementor-element elementor-element-3c20530a\" data-id=\"3c20530a\" data-element_type=\"column\">\n\t\t\t<div class=\"elementor-widget-wrap elementor-element-populated\">\n\t\t\t\t\t\t<div class=\"elementor-element elementor-element-445a55a3 elementor-invisible elementor-widget elementor-widget-heading\" data-id=\"445a55a3\" data-element_type=\"widget\" data-settings=\"{&quot;_animation&quot;:&quot;fadeInUp&quot;}\" data-widget_type=\"heading.default\">\n\t\t\t\t<div class=\"elementor-widget-container\">\n\t\t\t\t\t<h1 class=\"elementor-heading-title elementor-size-default\">Produits d'\u00e9nergie renouvelable<\/h1>\t\t\t\t<\/div>\n\t\t\t\t<\/div>\n\t\t\t\t<div class=\"elementor-element elementor-element-7c5b7df9 elementor-widget__width-auto elementor-widget elementor-widget-heading\" data-id=\"7c5b7df9\" data-element_type=\"widget\" data-widget_type=\"heading.default\">\n\t\t\t\t<div class=\"elementor-widget-container\">\n\t\t\t\t\t<h6 class=\"elementor-heading-title elementor-size-default\">POUR DES SOLUTIONS QUOTIDIENNES<\/h6>\t\t\t\t<\/div>\n\t\t\t\t<\/div>\n\t\t\t\t\t<\/div>\n\t\t<\/div>\n\t\t\t\t\t<\/div>\n\t\t<\/section>\n\t\t\t\t<section class=\"elementor-section elementor-top-section elementor-element elementor-element-d83219d elementor-section-full_width elementor-section-height-default elementor-section-height-default\" data-id=\"d83219d\" data-element_type=\"section\">\n\t\t\t\t\t\t<div class=\"elementor-container elementor-column-gap-default\">\n\t\t\t\t\t<div class=\"elementor-column elementor-col-100 elementor-top-column elementor-element elementor-element-5a33571\" data-id=\"5a33571\" data-element_type=\"column\">\n\t\t\t<div class=\"elementor-widget-wrap elementor-element-populated\">\n\t\t\t\t\t\t<div class=\"elementor-element elementor-element-9137c76 elementor-widget-divider--view-line elementor-widget elementor-widget-divider\" data-id=\"9137c76\" data-element_type=\"widget\" data-widget_type=\"divider.default\">\n\t\t\t\t<div class=\"elementor-widget-container\">\n\t\t\t\t\t\t\t<div class=\"elementor-divider\">\n\t\t\t<span class=\"elementor-divider-separator\">\n\t\t\t\t\t\t<\/span>\n\t\t<\/div>\n\t\t\t\t\t\t<\/div>\n\t\t\t\t<\/div>\n\t\t\t\t\t<\/div>\n\t\t<\/div>\n\t\t\t\t\t<\/div>\n\t\t<\/section>\n\t\t\t\t<section class=\"elementor-section elementor-top-section elementor-element elementor-element-8f4f6cf elementor-section-full_width elementor-section-height-default elementor-section-height-default\" data-id=\"8f4f6cf\" data-element_type=\"section\">\n\t\t\t\t\t\t<div class=\"elementor-container elementor-column-gap-default\">\n\t\t\t\t\t<div class=\"elementor-column elementor-col-100 elementor-top-column elementor-element elementor-element-7e7921f\" data-id=\"7e7921f\" data-element_type=\"column\">\n\t\t\t<div class=\"elementor-widget-wrap elementor-element-populated\">\n\t\t\t\t\t\t<div class=\"elementor-element elementor-element-18e2b67 elementor-widget elementor-widget-heading\" data-id=\"18e2b67\" data-element_type=\"widget\" data-widget_type=\"heading.default\">\n\t\t\t\t<div class=\"elementor-widget-container\">\n\t\t\t\t\t<h2 class=\"elementor-heading-title elementor-size-default\">Nos produits<\/h2>\t\t\t\t<\/div>\n\t\t\t\t<\/div>\n\t\t\t\t\t<\/div>\n\t\t<\/div>\n\t\t\t\t\t<\/div>\n\t\t<\/section>\n\t\t\t\t<section class=\"elementor-section elementor-top-section elementor-element elementor-element-a286286 elementor-section-full_width elementor-section-height-default elementor-section-height-default\" data-id=\"a286286\" data-element_type=\"section\">\n\t\t\t\t\t\t<div class=\"elementor-container elementor-column-gap-no\">\n\t\t\t\t\t<div class=\"elementor-column elementor-col-100 elementor-top-column elementor-element elementor-element-8a7b446\" data-id=\"8a7b446\" data-element_type=\"column\">\n\t\t\t<div class=\"elementor-widget-wrap elementor-element-populated\">\n\t\t\t\t\t\t<div class=\"elementor-element elementor-element-00114c4 elementor-grid-4 elementor-posts--align-center elementor-posts__hover-none elementor-grid-tablet-2 elementor-grid-mobile-1 elementor-posts--thumbnail-top elementor-card-shadow-yes elementor-widget elementor-widget-posts\" data-id=\"00114c4\" data-element_type=\"widget\" data-settings=\"{&quot;cards_columns&quot;:&quot;4&quot;,&quot;cards_masonry&quot;:&quot;yes&quot;,&quot;cards_columns_tablet&quot;:&quot;2&quot;,&quot;cards_columns_mobile&quot;:&quot;1&quot;,&quot;cards_row_gap&quot;:{&quot;unit&quot;:&quot;px&quot;,&quot;size&quot;:35,&quot;sizes&quot;:[]},&quot;cards_row_gap_tablet&quot;:{&quot;unit&quot;:&quot;px&quot;,&quot;size&quot;:&quot;&quot;,&quot;sizes&quot;:[]},&quot;cards_row_gap_mobile&quot;:{&quot;unit&quot;:&quot;px&quot;,&quot;size&quot;:&quot;&quot;,&quot;sizes&quot;:[]}}\" data-widget_type=\"posts.cards\">\n\t\t\t\t<div class=\"elementor-widget-container\">\n\t\t\t\t\t\t\t<div class=\"elementor-posts-container elementor-posts elementor-posts--skin-cards elementor-grid\">\n\t\t\t\t<article class=\"elementor-post elementor-grid-item post-1524 page type-page status-publish has-post-thumbnail hentry\">\n\t\t\t<div class=\"elementor-post__card\">\n\t\t\t\t<a class=\"elementor-post__thumbnail__link\" href=\"https:\/\/sunforceproducts.com\/fr\/accueil\/nos-produits\/eclairage-et-securite\/\" tabindex=\"-1\" ><div class=\"elementor-post__thumbnail\"><img fetchpriority=\"high\" decoding=\"async\" width=\"1000\" height=\"1000\" src=\"https:\/\/sunforceproducts.com\/wp-content\/uploads\/2023\/06\/82193_1.jpg\" class=\"attachment-full size-full wp-image-2536\" alt=\"\" srcset=\"https:\/\/sunforceproducts.com\/wp-content\/uploads\/2023\/06\/82193_1.jpg 1000w, https:\/\/sunforceproducts.com\/wp-content\/uploads\/2023\/06\/82193_1-300x300.jpg 300w, https:\/\/sunforceproducts.com\/wp-content\/uploads\/2023\/06\/82193_1-150x150.jpg 150w, https:\/\/sunforceproducts.com\/wp-content\/uploads\/2023\/06\/82193_1-768x768.jpg 768w, https:\/\/sunforceproducts.com\/wp-content\/uploads\/2023\/06\/82193_1-24x24.jpg 24w, https:\/\/sunforceproducts.com\/wp-content\/uploads\/2023\/06\/82193_1-36x36.jpg 36w, https:\/\/sunforceproducts.com\/wp-content\/uploads\/2023\/06\/82193_1-48x48.jpg 48w\" sizes=\"(max-width: 1000px) 100vw, 1000px\" \/><\/div><\/a>\n\t\t\t\t<div class=\"elementor-post__text\">\n\t\t\t\t<h3 class=\"elementor-post__title\">\n\t\t\t<a href=\"https:\/\/sunforceproducts.com\/fr\/accueil\/nos-produits\/eclairage-et-securite\/\" >\n\t\t\t\t\u00c9clairage et s\u00e9curit\u00e9\t\t\t<\/a>\n\t\t<\/h3>\n\t\t\t\t<\/div>\n\t\t\t\t\t<\/div>\n\t\t<\/article>\n\t\t\t\t<article class=\"elementor-post elementor-grid-item post-1526 page type-page status-publish has-post-thumbnail hentry\">\n\t\t\t<div class=\"elementor-post__card\">\n\t\t\t\t<a class=\"elementor-post__thumbnail__link\" href=\"https:\/\/sunforceproducts.com\/fr\/accueil\/nos-produits\/pelouse-et-jardin\/\" tabindex=\"-1\" ><div class=\"elementor-post__thumbnail\"><img decoding=\"async\" src=\"https:\/\/sunforceproducts.com\/wp-content\/uploads\/2023\/07\/Main_.jpg\" class=\"attachment-full size-full wp-image-4283\" alt=\"\" \/><\/div><\/a>\n\t\t\t\t<div class=\"elementor-post__text\">\n\t\t\t\t<h3 class=\"elementor-post__title\">\n\t\t\t<a href=\"https:\/\/sunforceproducts.com\/fr\/accueil\/nos-produits\/pelouse-et-jardin\/\" >\n\t\t\t\tPelouse et jardin\t\t\t<\/a>\n\t\t<\/h3>\n\t\t\t\t<\/div>\n\t\t\t\t\t<\/div>\n\t\t<\/article>\n\t\t\t\t<article class=\"elementor-post elementor-grid-item post-1530 page type-page status-publish has-post-thumbnail hentry\">\n\t\t\t<div class=\"elementor-post__card\">\n\t\t\t\t<a class=\"elementor-post__thumbnail__link\" href=\"https:\/\/sunforceproducts.com\/fr\/accueil\/nos-produits\/panneaux-solaires-regulateurs-et-accessoires\/\" tabindex=\"-1\" ><div class=\"elementor-post__thumbnail\"><img decoding=\"async\" width=\"1500\" height=\"1500\" src=\"https:\/\/sunforceproducts.com\/wp-content\/uploads\/2023\/06\/cat-solar-panels.jpg\" class=\"attachment-full size-full wp-image-3891\" alt=\"\" srcset=\"https:\/\/sunforceproducts.com\/wp-content\/uploads\/2023\/06\/cat-solar-panels.jpg 1500w, https:\/\/sunforceproducts.com\/wp-content\/uploads\/2023\/06\/cat-solar-panels-300x300.jpg 300w, https:\/\/sunforceproducts.com\/wp-content\/uploads\/2023\/06\/cat-solar-panels-1024x1024.jpg 1024w, https:\/\/sunforceproducts.com\/wp-content\/uploads\/2023\/06\/cat-solar-panels-150x150.jpg 150w, https:\/\/sunforceproducts.com\/wp-content\/uploads\/2023\/06\/cat-solar-panels-768x768.jpg 768w, https:\/\/sunforceproducts.com\/wp-content\/uploads\/2023\/06\/cat-solar-panels-24x24.jpg 24w, https:\/\/sunforceproducts.com\/wp-content\/uploads\/2023\/06\/cat-solar-panels-36x36.jpg 36w, https:\/\/sunforceproducts.com\/wp-content\/uploads\/2023\/06\/cat-solar-panels-48x48.jpg 48w\" sizes=\"(max-width: 1500px) 100vw, 1500px\" \/><\/div><\/a>\n\t\t\t\t<div class=\"elementor-post__text\">\n\t\t\t\t<h3 class=\"elementor-post__title\">\n\t\t\t<a href=\"https:\/\/sunforceproducts.com\/fr\/accueil\/nos-produits\/panneaux-solaires-regulateurs-et-accessoires\/\" >\n\t\t\t\tPanneaux solaires, r\u00e9gulateurs et accessoires\t\t\t<\/a>\n\t\t<\/h3>\n\t\t\t\t<\/div>\n\t\t\t\t\t<\/div>\n\t\t<\/article>\n\t\t\t\t<article class=\"elementor-post elementor-grid-item post-1521 page type-page status-publish has-post-thumbnail hentry\">\n\t\t\t<div class=\"elementor-post__card\">\n\t\t\t\t<a class=\"elementor-post__thumbnail__link\" href=\"https:\/\/sunforceproducts.com\/fr\/accueil\/produits-solaires-coleman\/\" tabindex=\"-1\" ><div class=\"elementor-post__thumbnail\"><img decoding=\"async\" width=\"1500\" height=\"1500\" src=\"https:\/\/sunforceproducts.com\/wp-content\/uploads\/2023\/06\/Categories-solar.jpg\" class=\"attachment-full size-full wp-image-3896\" alt=\"\" srcset=\"https:\/\/sunforceproducts.com\/wp-content\/uploads\/2023\/06\/Categories-solar.jpg 1500w, https:\/\/sunforceproducts.com\/wp-content\/uploads\/2023\/06\/Categories-solar-300x300.jpg 300w, https:\/\/sunforceproducts.com\/wp-content\/uploads\/2023\/06\/Categories-solar-1024x1024.jpg 1024w, https:\/\/sunforceproducts.com\/wp-content\/uploads\/2023\/06\/Categories-solar-150x150.jpg 150w, https:\/\/sunforceproducts.com\/wp-content\/uploads\/2023\/06\/Categories-solar-768x768.jpg 768w, https:\/\/sunforceproducts.com\/wp-content\/uploads\/2023\/06\/Categories-solar-24x24.jpg 24w, https:\/\/sunforceproducts.com\/wp-content\/uploads\/2023\/06\/Categories-solar-36x36.jpg 36w, https:\/\/sunforceproducts.com\/wp-content\/uploads\/2023\/06\/Categories-solar-48x48.jpg 48w\" sizes=\"(max-width: 1500px) 100vw, 1500px\" \/><\/div><\/a>\n\t\t\t\t<div class=\"elementor-post__text\">\n\t\t\t\t<h3 class=\"elementor-post__title\">\n\t\t\t<a href=\"https:\/\/sunforceproducts.com\/fr\/accueil\/produits-solaires-coleman\/\" >\n\t\t\t\tProduits solaires Coleman\t\t\t<\/a>\n\t\t<\/h3>\n\t\t\t\t<\/div>\n\t\t\t\t\t<\/div>\n\t\t<\/article>\n\t\t\t\t<\/div>\n\t\t\n\t\t\t\t\t\t<\/div>\n\t\t\t\t<\/div>\n\t\t\t\t\t<\/div>\n\t\t<\/div>\n\t\t\t\t\t<\/div>\n\t\t<\/section>\n\t\t\t\t<section class=\"elementor-section elementor-top-section elementor-element elementor-element-b01113b elementor-section-boxed elementor-section-height-default elementor-section-height-default\" data-id=\"b01113b\" data-element_type=\"section\">\n\t\t\t\t\t\t<div class=\"elementor-container elementor-column-gap-default\">\n\t\t\t\t\t<div class=\"elementor-column elementor-col-100 elementor-top-column elementor-element elementor-element-ff3cd82\" data-id=\"ff3cd82\" data-element_type=\"column\">\n\t\t\t<div class=\"elementor-widget-wrap elementor-element-populated\">\n\t\t\t\t\t\t<div class=\"elementor-element elementor-element-d40ac55 elementor-widget elementor-widget-text-editor\" data-id=\"d40ac55\" data-element_type=\"widget\" data-widget_type=\"text-editor.default\">\n\t\t\t\t<div class=\"elementor-widget-container\">\n\t\t\t\t\t\t\t\t\t<p style=\"text-align: center;\">Produits d&#8217;\u00e9nergie renouvelable pour des solutions quotidiennes. Produits solaires et \u00e9oliens pour l&#8217;\u00e9clairage, la s\u00e9curit\u00e9, les maisons, les jardins, le camping, les v\u00e9hicules et bien plus encore.<\/p>\n\t\t\t\t\t\t\t\t<\/div>\n\t\t\t\t<\/div>\n\t\t\t\t\t<\/div>\n\t\t<\/div>\n\t\t\t\t\t<\/div>\n\t\t<\/section>\n\t\t\t\t<\/div>\n\t\t","protected":false},"excerpt":{"rendered":"<p>L&#8217;\u00e9nergie renouvelable pour des solutions quotidiennes. Produits solaires et \u00e9oliens pour l&#8217;\u00e9clairage, la s\u00e9curit\u00e9, les maisons, les jardins, le camping, les v\u00e9hicules et bien plus encore.<\/p>\n","protected":false},"author":1,"featured_media":3056,"parent":0,"menu_order":0,"comment_status":"closed","ping_status":"closed","template":"","meta":{"footnotes":""},"class_list":["post-1514","page","type-page","status-publish","has-post-thumbnail","hentry"],"yoast_head":"<!-- This site is optimized with the Yoast SEO plugin v24.7 - https:\/\/yoast.com\/wordpress\/plugins\/seo\/ -->\n<title>Produits d&#039;\u00e9nergie renouvelable | \u00c9olien &amp; Solaire | Sunforce - Les Produits Sunforce<\/title>\n<meta name=\"description\" content=\"Produits d&#039;\u00e9nergie renouvelable pour des solutions quotidiennes. Produits solaires et \u00e9oliens pour l&#039;\u00e9clairage, la s\u00e9curit\u00e9, les maisons, les jardins, le camping, les v\u00e9hicules et bien plus encore.\" \/>\n<meta name=\"robots\" content=\"index, follow, max-snippet:-1, max-image-preview:large, max-video-preview:-1\" \/>\n<link rel=\"canonical\" href=\"https:\/\/sunforceproducts.com\/fr\/\" \/>\n<meta property=\"og:locale\" content=\"fr_FR\" \/>\n<meta property=\"og:type\" content=\"article\" \/>\n<meta property=\"og:title\" content=\"Sunforce Products Inc.\" \/>\n<meta property=\"og:description\" content=\"Sunforce Products Inc. vise \u00e0 fournir \u00e0 ses clients des solutions \u00e9nerg\u00e9tiques simples et vertes.\" \/>\n<meta property=\"og:url\" content=\"https:\/\/sunforceproducts.com\/fr\/\" \/>\n<meta property=\"og:site_name\" content=\"Les Produits Sunforce\" \/>\n<meta property=\"article:publisher\" content=\"https:\/\/www.facebook.com\/sunforceproductsinc\/\" \/>\n<meta property=\"article:modified_time\" content=\"2023-08-17T18:17:55+00:00\" \/>\n<meta property=\"og:image\" content=\"https:\/\/sunforceproducts.ca\/wp-content\/uploads\/2023\/06\/cat-solar-panels-300x300.jpg\" \/>\n<meta name=\"twitter:card\" content=\"summary_large_image\" \/>\n<meta name=\"twitter:title\" content=\"Sunforce Products\" \/>\n<meta name=\"twitter:description\" content=\"Leader dans l&#039;industrie des \u00e9nergies renouvelables, fabriquant et distribuant des solutions d&#039;\u00e9nergie solaire et \u00e9olienne DIY.\" \/>\n<meta name=\"twitter:image\" content=\"https:\/\/sunforceproducts.ca\/wp-content\/uploads\/2023\/06\/cat-solar-panels-1024x1024.jpg\" \/>\n<meta name=\"twitter:site\" content=\"@sunforceinc\" \/>\n<script type=\"application\/ld+json\" class=\"yoast-schema-graph\">{\"@context\":\"https:\/\/schema.org\",\"@graph\":[{\"@type\":\"WebPage\",\"@id\":\"https:\/\/sunforceproducts.com\/fr\/\",\"url\":\"https:\/\/sunforceproducts.com\/fr\/\",\"name\":\"Produits d'\u00e9nergie renouvelable | \u00c9olien &amp; Solaire | Sunforce - Les Produits Sunforce\",\"isPartOf\":{\"@id\":\"https:\/\/sunforceproducts.com\/fr\/#website\"},\"primaryImageOfPage\":{\"@id\":\"https:\/\/sunforceproducts.com\/fr\/#primaryimage\"},\"image\":{\"@id\":\"https:\/\/sunforceproducts.com\/fr\/#primaryimage\"},\"thumbnailUrl\":\"https:\/\/sunforceproducts.com\/wp-content\/uploads\/2023\/06\/37150_4-scaled.jpg\",\"datePublished\":\"2023-05-29T15:14:13+00:00\",\"dateModified\":\"2023-08-17T18:17:55+00:00\",\"description\":\"Produits d'\u00e9nergie renouvelable pour des solutions quotidiennes. Produits solaires et \u00e9oliens pour l'\u00e9clairage, la s\u00e9curit\u00e9, les maisons, les jardins, le camping, les v\u00e9hicules et bien plus encore.\",\"breadcrumb\":{\"@id\":\"https:\/\/sunforceproducts.com\/fr\/#breadcrumb\"},\"inLanguage\":\"fr-FR\",\"potentialAction\":[{\"@type\":\"ReadAction\",\"target\":[\"https:\/\/sunforceproducts.com\/fr\/\"]}]},{\"@type\":\"ImageObject\",\"inLanguage\":\"fr-FR\",\"@id\":\"https:\/\/sunforceproducts.com\/fr\/#primaryimage\",\"url\":\"https:\/\/sunforceproducts.com\/wp-content\/uploads\/2023\/06\/37150_4-scaled.jpg\",\"contentUrl\":\"https:\/\/sunforceproducts.com\/wp-content\/uploads\/2023\/06\/37150_4-scaled.jpg\",\"width\":2560,\"height\":2560},{\"@type\":\"BreadcrumbList\",\"@id\":\"https:\/\/sunforceproducts.com\/fr\/#breadcrumb\",\"itemListElement\":[{\"@type\":\"ListItem\",\"position\":1,\"name\":\"Home\",\"item\":\"https:\/\/sunforceproducts.com\/fr\/accueil\/\"},{\"@type\":\"ListItem\",\"position\":2,\"name\":\"Produits d&rsquo;\u00e9nergie renouvelable | \u00c9olien &amp; Solaire | Sunforce\"}]},{\"@type\":\"WebSite\",\"@id\":\"https:\/\/sunforceproducts.com\/fr\/#website\",\"url\":\"https:\/\/sunforceproducts.com\/fr\/\",\"name\":\"Les Produits Sunforce\",\"description\":\"Produits d'\u00e9nergie renouvelable | Eolien & Solaire\",\"publisher\":{\"@id\":\"https:\/\/sunforceproducts.com\/fr\/#organization\"},\"potentialAction\":[{\"@type\":\"SearchAction\",\"target\":{\"@type\":\"EntryPoint\",\"urlTemplate\":\"https:\/\/sunforceproducts.com\/fr\/?s={search_term_string}\"},\"query-input\":{\"@type\":\"PropertyValueSpecification\",\"valueRequired\":true,\"valueName\":\"search_term_string\"}}],\"inLanguage\":\"fr-FR\"},{\"@type\":\"Organization\",\"@id\":\"https:\/\/sunforceproducts.com\/fr\/#organization\",\"name\":\"Les Produits Sunforce\",\"url\":\"https:\/\/sunforceproducts.com\/fr\/\",\"logo\":{\"@type\":\"ImageObject\",\"inLanguage\":\"fr-FR\",\"@id\":\"https:\/\/sunforceproducts.com\/fr\/#\/schema\/logo\/image\/\",\"url\":\"https:\/\/sunforceproducts.com\/wp-content\/uploads\/2023\/05\/logo.png\",\"contentUrl\":\"https:\/\/sunforceproducts.com\/wp-content\/uploads\/2023\/05\/logo.png\",\"width\":6770,\"height\":1178,\"caption\":\"Les Produits Sunforce\"},\"image\":{\"@id\":\"https:\/\/sunforceproducts.com\/fr\/#\/schema\/logo\/image\/\"},\"sameAs\":[\"https:\/\/www.facebook.com\/sunforceproductsinc\/\",\"https:\/\/x.com\/sunforceinc\",\"https:\/\/www.youtube.com\/user\/SunforceProductsInc\"]}]}<\/script>\n<!-- \/ Yoast SEO plugin. -->","yoast_head_json":{"title":"Produits d'\u00e9nergie renouvelable | \u00c9olien &amp; Solaire | Sunforce - Les Produits Sunforce","description":"Produits d'\u00e9nergie renouvelable pour des solutions quotidiennes. Produits solaires et \u00e9oliens pour l'\u00e9clairage, la s\u00e9curit\u00e9, les maisons, les jardins, le camping, les v\u00e9hicules et bien plus encore.","robots":{"index":"index","follow":"follow","max-snippet":"max-snippet:-1","max-image-preview":"max-image-preview:large","max-video-preview":"max-video-preview:-1"},"canonical":"https:\/\/sunforceproducts.com\/fr\/","og_locale":"fr_FR","og_type":"article","og_title":"Sunforce Products Inc.","og_description":"Sunforce Products Inc. vise \u00e0 fournir \u00e0 ses clients des solutions \u00e9nerg\u00e9tiques simples et vertes.","og_url":"https:\/\/sunforceproducts.com\/fr\/","og_site_name":"Les Produits Sunforce","article_publisher":"https:\/\/www.facebook.com\/sunforceproductsinc\/","article_modified_time":"2023-08-17T18:17:55+00:00","og_image":[{"url":"https:\/\/sunforceproducts.ca\/wp-content\/uploads\/2023\/06\/cat-solar-panels-300x300.jpg","type":"","width":"","height":""}],"twitter_card":"summary_large_image","twitter_title":"Sunforce Products","twitter_description":"Leader dans l'industrie des \u00e9nergies renouvelables, fabriquant et distribuant des solutions d'\u00e9nergie solaire et \u00e9olienne DIY.","twitter_image":"https:\/\/sunforceproducts.ca\/wp-content\/uploads\/2023\/06\/cat-solar-panels-1024x1024.jpg","twitter_site":"@sunforceinc","schema":{"@context":"https:\/\/schema.org","@graph":[{"@type":"WebPage","@id":"https:\/\/sunforceproducts.com\/fr\/","url":"https:\/\/sunforceproducts.com\/fr\/","name":"Produits d'\u00e9nergie renouvelable | \u00c9olien &amp; Solaire | Sunforce - Les Produits Sunforce","isPartOf":{"@id":"https:\/\/sunforceproducts.com\/fr\/#website"},"primaryImageOfPage":{"@id":"https:\/\/sunforceproducts.com\/fr\/#primaryimage"},"image":{"@id":"https:\/\/sunforceproducts.com\/fr\/#primaryimage"},"thumbnailUrl":"https:\/\/sunforceproducts.com\/wp-content\/uploads\/2023\/06\/37150_4-scaled.jpg","datePublished":"2023-05-29T15:14:13+00:00","dateModified":"2023-08-17T18:17:55+00:00","description":"Produits d'\u00e9nergie renouvelable pour des solutions quotidiennes. Produits solaires et \u00e9oliens pour l'\u00e9clairage, la s\u00e9curit\u00e9, les maisons, les jardins, le camping, les v\u00e9hicules et bien plus encore.","breadcrumb":{"@id":"https:\/\/sunforceproducts.com\/fr\/#breadcrumb"},"inLanguage":"fr-FR","potentialAction":[{"@type":"ReadAction","target":["https:\/\/sunforceproducts.com\/fr\/"]}]},{"@type":"ImageObject","inLanguage":"fr-FR","@id":"https:\/\/sunforceproducts.com\/fr\/#primaryimage","url":"https:\/\/sunforceproducts.com\/wp-content\/uploads\/2023\/06\/37150_4-scaled.jpg","contentUrl":"https:\/\/sunforceproducts.com\/wp-content\/uploads\/2023\/06\/37150_4-scaled.jpg","width":2560,"height":2560},{"@type":"BreadcrumbList","@id":"https:\/\/sunforceproducts.com\/fr\/#breadcrumb","itemListElement":[{"@type":"ListItem","position":1,"name":"Home","item":"https:\/\/sunforceproducts.com\/fr\/accueil\/"},{"@type":"ListItem","position":2,"name":"Produits d&rsquo;\u00e9nergie renouvelable | \u00c9olien &amp; Solaire | Sunforce"}]},{"@type":"WebSite","@id":"https:\/\/sunforceproducts.com\/fr\/#website","url":"https:\/\/sunforceproducts.com\/fr\/","name":"Les Produits Sunforce","description":"Produits d'\u00e9nergie renouvelable | Eolien & Solaire","publisher":{"@id":"https:\/\/sunforceproducts.com\/fr\/#organization"},"potentialAction":[{"@type":"SearchAction","target":{"@type":"EntryPoint","urlTemplate":"https:\/\/sunforceproducts.com\/fr\/?s={search_term_string}"},"query-input":{"@type":"PropertyValueSpecification","valueRequired":true,"valueName":"search_term_string"}}],"inLanguage":"fr-FR"},{"@type":"Organization","@id":"https:\/\/sunforceproducts.com\/fr\/#organization","name":"Les Produits Sunforce","url":"https:\/\/sunforceproducts.com\/fr\/","logo":{"@type":"ImageObject","inLanguage":"fr-FR","@id":"https:\/\/sunforceproducts.com\/fr\/#\/schema\/logo\/image\/","url":"https:\/\/sunforceproducts.com\/wp-content\/uploads\/2023\/05\/logo.png","contentUrl":"https:\/\/sunforceproducts.com\/wp-content\/uploads\/2023\/05\/logo.png","width":6770,"height":1178,"caption":"Les Produits Sunforce"},"image":{"@id":"https:\/\/sunforceproducts.com\/fr\/#\/schema\/logo\/image\/"},"sameAs":["https:\/\/www.facebook.com\/sunforceproductsinc\/","https:\/\/x.com\/sunforceinc","https:\/\/www.youtube.com\/user\/SunforceProductsInc"]}]}},"_links":{"self":[{"href":"https:\/\/sunforceproducts.com\/fr\/wp-json\/wp\/v2\/pages\/1514","targetHints":{"allow":["GET"]}}],"collection":[{"href":"https:\/\/sunforceproducts.com\/fr\/wp-json\/wp\/v2\/pages"}],"about":[{"href":"https:\/\/sunforceproducts.com\/fr\/wp-json\/wp\/v2\/types\/page"}],"author":[{"embeddable":true,"href":"https:\/\/sunforceproducts.com\/fr\/wp-json\/wp\/v2\/users\/1"}],"replies":[{"embeddable":true,"href":"https:\/\/sunforceproducts.com\/fr\/wp-json\/wp\/v2\/comments?post=1514"}],"version-history":[{"count":49,"href":"https:\/\/sunforceproducts.com\/fr\/wp-json\/wp\/v2\/pages\/1514\/revisions"}],"predecessor-version":[{"id":4170,"href":"https:\/\/sunforceproducts.com\/fr\/wp-json\/wp\/v2\/pages\/1514\/revisions\/4170"}],"wp:featuredmedia":[{"embeddable":true,"href":"https:\/\/sunforceproducts.com\/fr\/wp-json\/wp\/v2\/media\/3056"}],"wp:attachment":[{"href":"https:\/\/sunforceproducts.com\/fr\/wp-json\/wp\/v2\/media?parent=1514"}],"curies":[{"name":"wp","href":"https:\/\/api.w.org\/{rel}","templated":true}]}}